{"id":1088,"date":"2021-03-03T15:12:12","date_gmt":"2021-03-03T14:12:12","guid":{"rendered":"https:\/\/ns332467.ip-37-187-254.eu\/~centracar\/termin\/"},"modified":"2023-11-20T15:18:34","modified_gmt":"2023-11-20T14:18:34","slug":"termin","status":"publish","type":"page","link":"https:\/\/centracar.be\/de\/termin\/","title":{"rendered":"Termin"},"content":{"rendered":"\t\t<div data-elementor-type=\"wp-page\" data-elementor-id=\"1088\" class=\"elementor elementor-1088 elementor-10\" data-elementor-settings=\"{&quot;ha_cmc_init_switcher&quot;:&quot;no&quot;}\" data-elementor-post-type=\"page\">\n\t\t\t\t\t\t<section class=\"elementor-section elementor-top-section elementor-element elementor-element-5bbedf8 elementor-section-boxed elementor-section-height-default elementor-section-height-default\" data-id=\"5bbedf8\" data-element_type=\"section\" data-e-type=\"section\" data-settings=\"{&quot;background_background&quot;:&quot;classic&quot;,&quot;_ha_eqh_enable&quot;:false}\">\n\t\t\t\t\t\t<div class=\"elementor-container elementor-column-gap-default\">\n\t\t\t\t\t<div class=\"elementor-column elementor-col-100 elementor-top-column elementor-element elementor-element-c901413\" data-id=\"c901413\" data-element_type=\"column\" data-e-type=\"column\">\n\t\t\t<div class=\"elementor-widget-wrap elementor-element-populated\">\n\t\t\t\t\t\t<div class=\"elementor-element elementor-element-1b9f491 elementor-widget elementor-widget-heading\" data-id=\"1b9f491\" data-element_type=\"widget\" data-e-type=\"widget\" data-widget_type=\"heading.default\">\n\t\t\t\t<div class=\"elementor-widget-container\">\n\t\t\t\t\t<h1 class=\"elementor-heading-title elementor-size-default\">Termin<\/h1>\t\t\t\t<\/div>\n\t\t\t\t<\/div>\n\t\t\t\t\t<\/div>\n\t\t<\/div>\n\t\t\t\t\t<\/div>\n\t\t<\/section>\n\t\t\t\t<section class=\"elementor-section elementor-top-section elementor-element elementor-element-a671ddb elementor-section-boxed elementor-section-height-default elementor-section-height-default\" data-id=\"a671ddb\" data-element_type=\"section\" data-e-type=\"section\" data-settings=\"{&quot;_ha_eqh_enable&quot;:false}\">\n\t\t\t\t\t\t<div class=\"elementor-container elementor-column-gap-default\">\n\t\t\t\t\t<div class=\"elementor-column elementor-col-100 elementor-top-column elementor-element elementor-element-0823d43\" data-id=\"0823d43\" data-element_type=\"column\" data-e-type=\"column\">\n\t\t\t<div class=\"elementor-widget-wrap elementor-element-populated\">\n\t\t\t\t\t\t<div class=\"elementor-element elementor-element-afd1a7c elementor-widget__width-auto elementor-widget elementor-widget-button\" data-id=\"afd1a7c\" data-element_type=\"widget\" data-e-type=\"widget\" id=\"makeBookingButton\" data-widget_type=\"button.default\">\n\t\t\t\t<div class=\"elementor-widget-container\">\n\t\t\t\t\t\t\t\t\t<div class=\"elementor-button-wrapper\">\n\t\t\t\t\t<a class=\"elementor-button elementor-size-sm elementor-animation-shrink\" role=\"button\">\n\t\t\t\t\t\t<span class=\"elementor-button-content-wrapper\">\n\t\t\t\t\t\t\t\t\t<span class=\"elementor-button-text\">Online-Termin<\/span>\n\t\t\t\t\t<\/span>\n\t\t\t\t\t<\/a>\n\t\t\t\t<\/div>\n\t\t\t\t\t\t\t\t<\/div>\n\t\t\t\t<\/div>\n\t\t\t\t\t<\/div>\n\t\t<\/div>\n\t\t\t\t\t<\/div>\n\t\t<\/section>\n\t\t\t\t<\/div>\n\t\t","protected":false},"excerpt":{"rendered":"<p>Termin Online-Termin<\/p>\n","protected":false},"author":3,"featured_media":0,"parent":0,"menu_order":0,"comment_status":"closed","ping_status":"closed","template":"elementor_header_footer","meta":{"inline_featured_image":false,"footnotes":""},"class_list":["post-1088","page","type-page","status-publish","hentry"],"yoast_head":"<!-- This site is optimized with the Yoast SEO plugin v27.5 - https:\/\/yoast.com\/product\/yoast-seo-wordpress\/ -->\n<title>Online-Terminvereinbarung | Centracar, Autowerkst\u00e4tten in L\u00fcttich und Eupen<\/title>\n<meta name=\"description\" content=\"Planen Sie Ihre Kundendiensttermine ganz einfach online. W\u00e4hlen Sie den Termin, der Ihnen passt, und machen Sie sich das Leben leichter.\" \/>\n<meta name=\"robots\" content=\"index, follow, max-snippet:-1, max-image-preview:large, max-video-preview:-1\" \/>\n<link rel=\"canonical\" href=\"https:\/\/centracar.be\/de\/termin\/\" \/>\n<meta property=\"og:locale\" content=\"de_DE\" \/>\n<meta property=\"og:type\" content=\"article\" \/>\n<meta property=\"og:title\" content=\"Online-Terminvereinbarung | Centracar, Autowerkst\u00e4tten in L\u00fcttich und Eupen\" \/>\n<meta property=\"og:description\" content=\"Planen Sie Ihre Kundendiensttermine ganz einfach online. W\u00e4hlen Sie den Termin, der Ihnen passt, und machen Sie sich das Leben leichter.\" \/>\n<meta property=\"og:url\" content=\"https:\/\/centracar.be\/de\/termin\/\" \/>\n<meta property=\"og:site_name\" content=\"Centracar\" \/>\n<meta property=\"article:modified_time\" content=\"2023-11-20T14:18:34+00:00\" \/>\n<meta name=\"twitter:card\" content=\"summary_large_image\" \/>\n<meta name=\"twitter:label1\" content=\"Gesch\u00e4tzte Lesezeit\" \/>\n\t<meta name=\"twitter:data1\" content=\"1\u00a0Minute\" \/>\n<script type=\"application\/ld+json\" class=\"yoast-schema-graph\">{\"@context\":\"https:\\\/\\\/schema.org\",\"@graph\":[{\"@type\":\"WebPage\",\"@id\":\"https:\\\/\\\/centracar.be\\\/de\\\/termin\\\/\",\"url\":\"https:\\\/\\\/centracar.be\\\/de\\\/termin\\\/\",\"name\":\"Online-Terminvereinbarung | Centracar, Autowerkst\u00e4tten in L\u00fcttich und Eupen\",\"isPartOf\":{\"@id\":\"https:\\\/\\\/centracar.be\\\/de\\\/#website\"},\"datePublished\":\"2021-03-03T14:12:12+00:00\",\"dateModified\":\"2023-11-20T14:18:34+00:00\",\"description\":\"Planen Sie Ihre Kundendiensttermine ganz einfach online. W\u00e4hlen Sie den Termin, der Ihnen passt, und machen Sie sich das Leben leichter.\",\"breadcrumb\":{\"@id\":\"https:\\\/\\\/centracar.be\\\/de\\\/termin\\\/#breadcrumb\"},\"inLanguage\":\"de\",\"potentialAction\":[{\"@type\":\"ReadAction\",\"target\":[\"https:\\\/\\\/centracar.be\\\/de\\\/termin\\\/\"]}]},{\"@type\":\"BreadcrumbList\",\"@id\":\"https:\\\/\\\/centracar.be\\\/de\\\/termin\\\/#breadcrumb\",\"itemListElement\":[{\"@type\":\"ListItem\",\"position\":1,\"name\":\"Accueil\",\"item\":\"https:\\\/\\\/centracar.be\\\/de\\\/\"},{\"@type\":\"ListItem\",\"position\":2,\"name\":\"Termin\"}]},{\"@type\":\"WebSite\",\"@id\":\"https:\\\/\\\/centracar.be\\\/de\\\/#website\",\"url\":\"https:\\\/\\\/centracar.be\\\/de\\\/\",\"name\":\"Centracar\",\"description\":\"Achat - Vente - R\u00e9paration automobile\",\"publisher\":{\"@id\":\"https:\\\/\\\/centracar.be\\\/de\\\/#organization\"},\"potentialAction\":[{\"@type\":\"SearchAction\",\"target\":{\"@type\":\"EntryPoint\",\"urlTemplate\":\"https:\\\/\\\/centracar.be\\\/de\\\/?s={search_term_string}\"},\"query-input\":{\"@type\":\"PropertyValueSpecification\",\"valueRequired\":true,\"valueName\":\"search_term_string\"}}],\"inLanguage\":\"de\"},{\"@type\":\"Organization\",\"@id\":\"https:\\\/\\\/centracar.be\\\/de\\\/#organization\",\"name\":\"Centracar\",\"url\":\"https:\\\/\\\/centracar.be\\\/de\\\/\",\"logo\":{\"@type\":\"ImageObject\",\"inLanguage\":\"de\",\"@id\":\"https:\\\/\\\/centracar.be\\\/de\\\/#\\\/schema\\\/logo\\\/image\\\/\",\"url\":\"https:\\\/\\\/centracar.be\\\/wp-content\\\/uploads\\\/2020\\\/06\\\/Centracar_Logo-Pos.png\",\"contentUrl\":\"https:\\\/\\\/centracar.be\\\/wp-content\\\/uploads\\\/2020\\\/06\\\/Centracar_Logo-Pos.png\",\"width\":795,\"height\":240,\"caption\":\"Centracar\"},\"image\":{\"@id\":\"https:\\\/\\\/centracar.be\\\/de\\\/#\\\/schema\\\/logo\\\/image\\\/\"}}]}<\/script>\n<!-- \/ Yoast SEO plugin. -->","yoast_head_json":{"title":"Online-Terminvereinbarung | Centracar, Autowerkst\u00e4tten in L\u00fcttich und Eupen","description":"Planen Sie Ihre Kundendiensttermine ganz einfach online. W\u00e4hlen Sie den Termin, der Ihnen passt, und machen Sie sich das Leben leichter.","robots":{"index":"index","follow":"follow","max-snippet":"max-snippet:-1","max-image-preview":"max-image-preview:large","max-video-preview":"max-video-preview:-1"},"canonical":"https:\/\/centracar.be\/de\/termin\/","og_locale":"de_DE","og_type":"article","og_title":"Online-Terminvereinbarung | Centracar, Autowerkst\u00e4tten in L\u00fcttich und Eupen","og_description":"Planen Sie Ihre Kundendiensttermine ganz einfach online. W\u00e4hlen Sie den Termin, der Ihnen passt, und machen Sie sich das Leben leichter.","og_url":"https:\/\/centracar.be\/de\/termin\/","og_site_name":"Centracar","article_modified_time":"2023-11-20T14:18:34+00:00","twitter_card":"summary_large_image","twitter_misc":{"Gesch\u00e4tzte Lesezeit":"1\u00a0Minute"},"schema":{"@context":"https:\/\/schema.org","@graph":[{"@type":"WebPage","@id":"https:\/\/centracar.be\/de\/termin\/","url":"https:\/\/centracar.be\/de\/termin\/","name":"Online-Terminvereinbarung | Centracar, Autowerkst\u00e4tten in L\u00fcttich und Eupen","isPartOf":{"@id":"https:\/\/centracar.be\/de\/#website"},"datePublished":"2021-03-03T14:12:12+00:00","dateModified":"2023-11-20T14:18:34+00:00","description":"Planen Sie Ihre Kundendiensttermine ganz einfach online. W\u00e4hlen Sie den Termin, der Ihnen passt, und machen Sie sich das Leben leichter.","breadcrumb":{"@id":"https:\/\/centracar.be\/de\/termin\/#breadcrumb"},"inLanguage":"de","potentialAction":[{"@type":"ReadAction","target":["https:\/\/centracar.be\/de\/termin\/"]}]},{"@type":"BreadcrumbList","@id":"https:\/\/centracar.be\/de\/termin\/#breadcrumb","itemListElement":[{"@type":"ListItem","position":1,"name":"Accueil","item":"https:\/\/centracar.be\/de\/"},{"@type":"ListItem","position":2,"name":"Termin"}]},{"@type":"WebSite","@id":"https:\/\/centracar.be\/de\/#website","url":"https:\/\/centracar.be\/de\/","name":"Centracar","description":"Achat - Vente - R\u00e9paration automobile","publisher":{"@id":"https:\/\/centracar.be\/de\/#organization"},"potentialAction":[{"@type":"SearchAction","target":{"@type":"EntryPoint","urlTemplate":"https:\/\/centracar.be\/de\/?s={search_term_string}"},"query-input":{"@type":"PropertyValueSpecification","valueRequired":true,"valueName":"search_term_string"}}],"inLanguage":"de"},{"@type":"Organization","@id":"https:\/\/centracar.be\/de\/#organization","name":"Centracar","url":"https:\/\/centracar.be\/de\/","logo":{"@type":"ImageObject","inLanguage":"de","@id":"https:\/\/centracar.be\/de\/#\/schema\/logo\/image\/","url":"https:\/\/centracar.be\/wp-content\/uploads\/2020\/06\/Centracar_Logo-Pos.png","contentUrl":"https:\/\/centracar.be\/wp-content\/uploads\/2020\/06\/Centracar_Logo-Pos.png","width":795,"height":240,"caption":"Centracar"},"image":{"@id":"https:\/\/centracar.be\/de\/#\/schema\/logo\/image\/"}}]}},"_links":{"self":[{"href":"https:\/\/centracar.be\/de\/wp-json\/wp\/v2\/pages\/1088","targetHints":{"allow":["GET"]}}],"collection":[{"href":"https:\/\/centracar.be\/de\/wp-json\/wp\/v2\/pages"}],"about":[{"href":"https:\/\/centracar.be\/de\/wp-json\/wp\/v2\/types\/page"}],"author":[{"embeddable":true,"href":"https:\/\/centracar.be\/de\/wp-json\/wp\/v2\/users\/3"}],"replies":[{"embeddable":true,"href":"https:\/\/centracar.be\/de\/wp-json\/wp\/v2\/comments?post=1088"}],"version-history":[{"count":5,"href":"https:\/\/centracar.be\/de\/wp-json\/wp\/v2\/pages\/1088\/revisions"}],"predecessor-version":[{"id":1575,"href":"https:\/\/centracar.be\/de\/wp-json\/wp\/v2\/pages\/1088\/revisions\/1575"}],"wp:attachment":[{"href":"https:\/\/centracar.be\/de\/wp-json\/wp\/v2\/media?parent=1088"}],"curies":[{"name":"wp","href":"https:\/\/api.w.org\/{rel}","templated":true}]}}