{"id":1090,"date":"2021-03-03T15:12:26","date_gmt":"2021-03-03T14:12:26","guid":{"rendered":"https:\/\/ns332467.ip-37-187-254.eu\/~centracar\/rueckrufservice\/"},"modified":"2023-11-20T15:15:44","modified_gmt":"2023-11-20T14:15:44","slug":"rueckrufservice","status":"publish","type":"page","link":"https:\/\/centracar.be\/de\/rueckrufservice\/","title":{"rendered":"R\u00fcckrufservice"},"content":{"rendered":"\t\t<div data-elementor-type=\"wp-page\" data-elementor-id=\"1090\" class=\"elementor elementor-1090 elementor-951\" data-elementor-settings=\"{&quot;ha_cmc_init_switcher&quot;:&quot;no&quot;}\" data-elementor-post-type=\"page\">\n\t\t\t\t\t\t<section class=\"elementor-section elementor-top-section elementor-element elementor-element-62b3103 elementor-section-boxed elementor-section-height-default elementor-section-height-default\" data-id=\"62b3103\" data-element_type=\"section\" data-e-type=\"section\" data-settings=\"{&quot;background_background&quot;:&quot;classic&quot;,&quot;_ha_eqh_enable&quot;:false}\">\n\t\t\t\t\t\t<div class=\"elementor-container elementor-column-gap-default\">\n\t\t\t\t\t<div class=\"elementor-column elementor-col-100 elementor-top-column elementor-element elementor-element-0af9c2d\" data-id=\"0af9c2d\" data-element_type=\"column\" data-e-type=\"column\">\n\t\t\t<div class=\"elementor-widget-wrap elementor-element-populated\">\n\t\t\t\t\t\t<div class=\"elementor-element elementor-element-f86a0d2 elementor-widget elementor-widget-heading\" data-id=\"f86a0d2\" data-element_type=\"widget\" data-e-type=\"widget\" data-widget_type=\"heading.default\">\n\t\t\t\t<div class=\"elementor-widget-container\">\n\t\t\t\t\t<h1 class=\"elementor-heading-title elementor-size-default\">R\u00fcckrufservice<\/h1>\t\t\t\t<\/div>\n\t\t\t\t<\/div>\n\t\t\t\t\t<\/div>\n\t\t<\/div>\n\t\t\t\t\t<\/div>\n\t\t<\/section>\n\t\t\t\t<section class=\"elementor-section elementor-top-section elementor-element elementor-element-7549b63 elementor-section-stretched elementor-section-boxed elementor-section-height-default elementor-section-height-default\" data-id=\"7549b63\" data-element_type=\"section\" data-e-type=\"section\" data-settings=\"{&quot;stretch_section&quot;:&quot;section-stretched&quot;,&quot;_ha_eqh_enable&quot;:false}\">\n\t\t\t\t\t\t<div class=\"elementor-container elementor-column-gap-default\">\n\t\t\t\t\t<div class=\"elementor-column elementor-col-100 elementor-top-column elementor-element elementor-element-894a19f\" data-id=\"894a19f\" data-element_type=\"column\" data-e-type=\"column\">\n\t\t\t<div class=\"elementor-widget-wrap elementor-element-populated\">\n\t\t\t\t\t\t<div class=\"elementor-element elementor-element-f8e3a24 elementor-widget elementor-widget-text-editor\" data-id=\"f8e3a24\" data-element_type=\"widget\" data-e-type=\"widget\" data-widget_type=\"text-editor.default\">\n\t\t\t\t<div class=\"elementor-widget-container\">\n\t\t\t\t\t\t\t\t\t<p>F\u00fcllen Sie das untenstehende Formular aus und wir werden Sie so schnell wie m\u00f6glich anrufen, um Ihre Fragen zu beantworten.<\/p>\n\t\t\t\t\t\t\t\t<\/div>\n\t\t\t\t<\/div>\n\t\t\t\t<div class=\"elementor-element elementor-element-e0d360d elementor-widget elementor-widget-html\" data-id=\"e0d360d\" data-element_type=\"widget\" data-e-type=\"widget\" data-widget_type=\"html.default\">\n\t\t\t\t<div class=\"elementor-widget-container\">\n\t\t\t\t\t<!--[if lte IE 8]>\r\n<script charset=\"utf-8\" type=\"text\/javascript\" src=\"\/\/js.hsforms.net\/forms\/v2-legacy.js\"><\/script>\r\n<![endif]-->\r\n<script charset=\"utf-8\" type=\"text\/javascript\" src=\"\/\/js.hsforms.net\/forms\/v2.js\"><\/script>\r\n<script>\r\n  hbspt.forms.create({\r\n\tportalId: \"6672575\",\r\n\tformId: \"6e419ff5-329c-487f-90d4-0a17875fe9b2\"\r\n});\r\n<\/script>\t\t\t\t<\/div>\n\t\t\t\t<\/div>\n\t\t\t\t\t<\/div>\n\t\t<\/div>\n\t\t\t\t\t<\/div>\n\t\t<\/section>\n\t\t\t\t<\/div>\n\t\t","protected":false},"excerpt":{"rendered":"<p>R\u00fcckrufservice F\u00fcllen Sie das untenstehende Formular aus und wir werden Sie so schnell wie m\u00f6glich anrufen, um Ihre Fragen zu beantworten.<\/p>\n","protected":false},"author":3,"featured_media":0,"parent":0,"menu_order":0,"comment_status":"closed","ping_status":"closed","template":"elementor_header_footer","meta":{"inline_featured_image":false,"footnotes":""},"class_list":["post-1090","page","type-page","status-publish","hentry"],"yoast_head":"<!-- This site is optimized with the Yoast SEO plugin v27.4 - https:\/\/yoast.com\/product\/yoast-seo-wordpress\/ -->\n<title>R\u00fcckrufservice | Centracar, Autowerkst\u00e4tten in L\u00fcttich und Eupen<\/title>\n<meta name=\"description\" content=\"Nutzen Sie unseren pers\u00f6nlichen R\u00fcckrufservice! Hinterlassen Sie uns Ihre Nummer, wir rufen Sie umgehend zur\u00fcck.\" \/>\n<meta name=\"robots\" content=\"index, follow, max-snippet:-1, max-image-preview:large, max-video-preview:-1\" \/>\n<link rel=\"canonical\" href=\"https:\/\/centracar.be\/de\/rueckrufservice\/\" \/>\n<meta property=\"og:locale\" content=\"de_DE\" \/>\n<meta property=\"og:type\" content=\"article\" \/>\n<meta property=\"og:title\" content=\"R\u00fcckrufservice | Centracar, Autowerkst\u00e4tten in L\u00fcttich und Eupen\" \/>\n<meta property=\"og:description\" content=\"Nutzen Sie unseren pers\u00f6nlichen R\u00fcckrufservice! Hinterlassen Sie uns Ihre Nummer, wir rufen Sie umgehend zur\u00fcck.\" \/>\n<meta property=\"og:url\" content=\"https:\/\/centracar.be\/de\/rueckrufservice\/\" \/>\n<meta property=\"og:site_name\" content=\"Centracar\" \/>\n<meta property=\"article:modified_time\" content=\"2023-11-20T14:15:44+00:00\" \/>\n<meta name=\"twitter:card\" content=\"summary_large_image\" \/>\n<meta name=\"twitter:label1\" content=\"Gesch\u00e4tzte Lesezeit\" \/>\n\t<meta name=\"twitter:data1\" content=\"1\u00a0Minute\" \/>\n<script type=\"application\/ld+json\" class=\"yoast-schema-graph\">{\"@context\":\"https:\\\/\\\/schema.org\",\"@graph\":[{\"@type\":\"WebPage\",\"@id\":\"https:\\\/\\\/centracar.be\\\/de\\\/rueckrufservice\\\/\",\"url\":\"https:\\\/\\\/centracar.be\\\/de\\\/rueckrufservice\\\/\",\"name\":\"R\u00fcckrufservice | Centracar, Autowerkst\u00e4tten in L\u00fcttich und Eupen\",\"isPartOf\":{\"@id\":\"https:\\\/\\\/centracar.be\\\/de\\\/#website\"},\"datePublished\":\"2021-03-03T14:12:26+00:00\",\"dateModified\":\"2023-11-20T14:15:44+00:00\",\"description\":\"Nutzen Sie unseren pers\u00f6nlichen R\u00fcckrufservice! Hinterlassen Sie uns Ihre Nummer, wir rufen Sie umgehend zur\u00fcck.\",\"breadcrumb\":{\"@id\":\"https:\\\/\\\/centracar.be\\\/de\\\/rueckrufservice\\\/#breadcrumb\"},\"inLanguage\":\"de\",\"potentialAction\":[{\"@type\":\"ReadAction\",\"target\":[\"https:\\\/\\\/centracar.be\\\/de\\\/rueckrufservice\\\/\"]}]},{\"@type\":\"BreadcrumbList\",\"@id\":\"https:\\\/\\\/centracar.be\\\/de\\\/rueckrufservice\\\/#breadcrumb\",\"itemListElement\":[{\"@type\":\"ListItem\",\"position\":1,\"name\":\"Accueil\",\"item\":\"https:\\\/\\\/centracar.be\\\/de\\\/\"},{\"@type\":\"ListItem\",\"position\":2,\"name\":\"R\u00fcckrufservice\"}]},{\"@type\":\"WebSite\",\"@id\":\"https:\\\/\\\/centracar.be\\\/de\\\/#website\",\"url\":\"https:\\\/\\\/centracar.be\\\/de\\\/\",\"name\":\"Centracar\",\"description\":\"Achat - Vente - R\u00e9paration automobile\",\"publisher\":{\"@id\":\"https:\\\/\\\/centracar.be\\\/de\\\/#organization\"},\"potentialAction\":[{\"@type\":\"SearchAction\",\"target\":{\"@type\":\"EntryPoint\",\"urlTemplate\":\"https:\\\/\\\/centracar.be\\\/de\\\/?s={search_term_string}\"},\"query-input\":{\"@type\":\"PropertyValueSpecification\",\"valueRequired\":true,\"valueName\":\"search_term_string\"}}],\"inLanguage\":\"de\"},{\"@type\":\"Organization\",\"@id\":\"https:\\\/\\\/centracar.be\\\/de\\\/#organization\",\"name\":\"Centracar\",\"url\":\"https:\\\/\\\/centracar.be\\\/de\\\/\",\"logo\":{\"@type\":\"ImageObject\",\"inLanguage\":\"de\",\"@id\":\"https:\\\/\\\/centracar.be\\\/de\\\/#\\\/schema\\\/logo\\\/image\\\/\",\"url\":\"https:\\\/\\\/centracar.be\\\/wp-content\\\/uploads\\\/2020\\\/06\\\/Centracar_Logo-Pos.png\",\"contentUrl\":\"https:\\\/\\\/centracar.be\\\/wp-content\\\/uploads\\\/2020\\\/06\\\/Centracar_Logo-Pos.png\",\"width\":795,\"height\":240,\"caption\":\"Centracar\"},\"image\":{\"@id\":\"https:\\\/\\\/centracar.be\\\/de\\\/#\\\/schema\\\/logo\\\/image\\\/\"}}]}<\/script>\n<!-- \/ Yoast SEO plugin. -->","yoast_head_json":{"title":"R\u00fcckrufservice | Centracar, Autowerkst\u00e4tten in L\u00fcttich und Eupen","description":"Nutzen Sie unseren pers\u00f6nlichen R\u00fcckrufservice! Hinterlassen Sie uns Ihre Nummer, wir rufen Sie umgehend zur\u00fcck.","robots":{"index":"index","follow":"follow","max-snippet":"max-snippet:-1","max-image-preview":"max-image-preview:large","max-video-preview":"max-video-preview:-1"},"canonical":"https:\/\/centracar.be\/de\/rueckrufservice\/","og_locale":"de_DE","og_type":"article","og_title":"R\u00fcckrufservice | Centracar, Autowerkst\u00e4tten in L\u00fcttich und Eupen","og_description":"Nutzen Sie unseren pers\u00f6nlichen R\u00fcckrufservice! Hinterlassen Sie uns Ihre Nummer, wir rufen Sie umgehend zur\u00fcck.","og_url":"https:\/\/centracar.be\/de\/rueckrufservice\/","og_site_name":"Centracar","article_modified_time":"2023-11-20T14:15:44+00:00","twitter_card":"summary_large_image","twitter_misc":{"Gesch\u00e4tzte Lesezeit":"1\u00a0Minute"},"schema":{"@context":"https:\/\/schema.org","@graph":[{"@type":"WebPage","@id":"https:\/\/centracar.be\/de\/rueckrufservice\/","url":"https:\/\/centracar.be\/de\/rueckrufservice\/","name":"R\u00fcckrufservice | Centracar, Autowerkst\u00e4tten in L\u00fcttich und Eupen","isPartOf":{"@id":"https:\/\/centracar.be\/de\/#website"},"datePublished":"2021-03-03T14:12:26+00:00","dateModified":"2023-11-20T14:15:44+00:00","description":"Nutzen Sie unseren pers\u00f6nlichen R\u00fcckrufservice! Hinterlassen Sie uns Ihre Nummer, wir rufen Sie umgehend zur\u00fcck.","breadcrumb":{"@id":"https:\/\/centracar.be\/de\/rueckrufservice\/#breadcrumb"},"inLanguage":"de","potentialAction":[{"@type":"ReadAction","target":["https:\/\/centracar.be\/de\/rueckrufservice\/"]}]},{"@type":"BreadcrumbList","@id":"https:\/\/centracar.be\/de\/rueckrufservice\/#breadcrumb","itemListElement":[{"@type":"ListItem","position":1,"name":"Accueil","item":"https:\/\/centracar.be\/de\/"},{"@type":"ListItem","position":2,"name":"R\u00fcckrufservice"}]},{"@type":"WebSite","@id":"https:\/\/centracar.be\/de\/#website","url":"https:\/\/centracar.be\/de\/","name":"Centracar","description":"Achat - Vente - R\u00e9paration automobile","publisher":{"@id":"https:\/\/centracar.be\/de\/#organization"},"potentialAction":[{"@type":"SearchAction","target":{"@type":"EntryPoint","urlTemplate":"https:\/\/centracar.be\/de\/?s={search_term_string}"},"query-input":{"@type":"PropertyValueSpecification","valueRequired":true,"valueName":"search_term_string"}}],"inLanguage":"de"},{"@type":"Organization","@id":"https:\/\/centracar.be\/de\/#organization","name":"Centracar","url":"https:\/\/centracar.be\/de\/","logo":{"@type":"ImageObject","inLanguage":"de","@id":"https:\/\/centracar.be\/de\/#\/schema\/logo\/image\/","url":"https:\/\/centracar.be\/wp-content\/uploads\/2020\/06\/Centracar_Logo-Pos.png","contentUrl":"https:\/\/centracar.be\/wp-content\/uploads\/2020\/06\/Centracar_Logo-Pos.png","width":795,"height":240,"caption":"Centracar"},"image":{"@id":"https:\/\/centracar.be\/de\/#\/schema\/logo\/image\/"}}]}},"_links":{"self":[{"href":"https:\/\/centracar.be\/de\/wp-json\/wp\/v2\/pages\/1090","targetHints":{"allow":["GET"]}}],"collection":[{"href":"https:\/\/centracar.be\/de\/wp-json\/wp\/v2\/pages"}],"about":[{"href":"https:\/\/centracar.be\/de\/wp-json\/wp\/v2\/types\/page"}],"author":[{"embeddable":true,"href":"https:\/\/centracar.be\/de\/wp-json\/wp\/v2\/users\/3"}],"replies":[{"embeddable":true,"href":"https:\/\/centracar.be\/de\/wp-json\/wp\/v2\/comments?post=1090"}],"version-history":[{"count":7,"href":"https:\/\/centracar.be\/de\/wp-json\/wp\/v2\/pages\/1090\/revisions"}],"predecessor-version":[{"id":1574,"href":"https:\/\/centracar.be\/de\/wp-json\/wp\/v2\/pages\/1090\/revisions\/1574"}],"wp:attachment":[{"href":"https:\/\/centracar.be\/de\/wp-json\/wp\/v2\/media?parent=1090"}],"curies":[{"name":"wp","href":"https:\/\/api.w.org\/{rel}","templated":true}]}}