{"id":2291,"date":"2024-12-15T17:48:57","date_gmt":"2024-12-15T16:48:57","guid":{"rendered":"https:\/\/centracar.be\/services\/dauerhafte-reparatur\/"},"modified":"2025-10-29T11:13:06","modified_gmt":"2025-10-29T10:13:06","slug":"dauerhafte-reparatur","status":"publish","type":"page","link":"https:\/\/centracar.be\/de\/services\/dauerhafte-reparatur\/","title":{"rendered":"Dauerhafte Reparatur"},"content":{"rendered":"\t\t<div data-elementor-type=\"wp-page\" data-elementor-id=\"2291\" class=\"elementor elementor-2291 elementor-2079\" data-elementor-settings=\"{&quot;ha_cmc_init_switcher&quot;:&quot;no&quot;}\" data-elementor-post-type=\"page\">\n\t\t\t\t\t\t<section class=\"elementor-section elementor-top-section elementor-element elementor-element-39e2a2a elementor-section-boxed elementor-section-height-default elementor-section-height-default\" data-id=\"39e2a2a\" data-element_type=\"section\" data-e-type=\"section\" data-settings=\"{&quot;background_background&quot;:&quot;classic&quot;,&quot;_ha_eqh_enable&quot;:false}\">\n\t\t\t\t\t\t<div class=\"elementor-container elementor-column-gap-default\">\n\t\t\t\t\t<div class=\"elementor-column elementor-col-100 elementor-top-column elementor-element elementor-element-e55476a\" data-id=\"e55476a\" data-element_type=\"column\" data-e-type=\"column\">\n\t\t\t<div class=\"elementor-widget-wrap elementor-element-populated\">\n\t\t\t\t\t\t<div class=\"elementor-element elementor-element-bfc80ac elementor-widget elementor-widget-heading\" data-id=\"bfc80ac\" data-element_type=\"widget\" data-e-type=\"widget\" data-widget_type=\"heading.default\">\n\t\t\t\t<div class=\"elementor-widget-container\">\n\t\t\t\t\t<h1 class=\"elementor-heading-title elementor-size-default\">nachhaltige Reparatur<\/h1>\t\t\t\t<\/div>\n\t\t\t\t<\/div>\n\t\t\t\t\t<\/div>\n\t\t<\/div>\n\t\t\t\t\t<\/div>\n\t\t<\/section>\n\t\t\t\t<section class=\"elementor-section elementor-top-section elementor-element elementor-element-15123cf elementor-section-boxed elementor-section-height-default elementor-section-height-default\" data-id=\"15123cf\" data-element_type=\"section\" data-e-type=\"section\" data-settings=\"{&quot;_ha_eqh_enable&quot;:false}\">\n\t\t\t\t\t\t<div class=\"elementor-container elementor-column-gap-default\">\n\t\t\t\t\t<div class=\"elementor-column elementor-col-100 elementor-top-column elementor-element elementor-element-fc53e46\" data-id=\"fc53e46\" data-element_type=\"column\" data-e-type=\"column\">\n\t\t\t<div class=\"elementor-widget-wrap elementor-element-populated\">\n\t\t\t\t\t\t<div class=\"elementor-element elementor-element-5a76096 elementor-widget-divider--view-line elementor-widget elementor-widget-divider\" data-id=\"5a76096\" data-element_type=\"widget\" data-e-type=\"widget\" data-widget_type=\"divider.default\">\n\t\t\t\t<div class=\"elementor-widget-container\">\n\t\t\t\t\t\t\t<div class=\"elementor-divider\">\n\t\t\t<span class=\"elementor-divider-separator\">\n\t\t\t\t\t\t<\/span>\n\t\t<\/div>\n\t\t\t\t\t\t<\/div>\n\t\t\t\t<\/div>\n\t\t\t\t<div class=\"elementor-element elementor-element-d1ba24f elementor-widget elementor-widget-text-editor\" data-id=\"d1ba24f\" data-element_type=\"widget\" data-e-type=\"widget\" data-widget_type=\"text-editor.default\">\n\t\t\t\t<div class=\"elementor-widget-container\">\n\t\t\t\t\t\t\t\t\t<p><strong>Nachhaltiges Reparieren mit CentraCar : Qualit\u00e4t und Verantwortung verbinden<\/strong><\/p>\n\t\t\t\t\t\t\t\t<\/div>\n\t\t\t\t<\/div>\n\t\t\t\t<section class=\"elementor-section elementor-inner-section elementor-element elementor-element-2482b9e elementor-section-boxed elementor-section-height-default elementor-section-height-default\" data-id=\"2482b9e\" data-element_type=\"section\" data-e-type=\"section\" data-settings=\"{&quot;_ha_eqh_enable&quot;:false}\">\n\t\t\t\t\t\t<div class=\"elementor-container elementor-column-gap-default\">\n\t\t\t\t\t<div class=\"elementor-column elementor-col-50 elementor-inner-column elementor-element elementor-element-10ba703\" data-id=\"10ba703\" data-element_type=\"column\" data-e-type=\"column\">\n\t\t\t<div class=\"elementor-widget-wrap elementor-element-populated\">\n\t\t\t\t\t\t<div class=\"elementor-element elementor-element-66bd5dd elementor-widget__width-initial elementor-widget elementor-widget-text-editor\" data-id=\"66bd5dd\" data-element_type=\"widget\" data-e-type=\"widget\" data-widget_type=\"text-editor.default\">\n\t\t\t\t<div class=\"elementor-widget-container\">\n\t\t\t\t\t\t\t\t\t<p>Wir bei CentraCar sind der festen \u00dcberzeugung, dass <strong>Nachhaltigkeit<\/strong> und <strong>soziale Verantwortung<\/strong> weit \u00fcber rein wirtschaftliche Ziele hinausgehen.<\/p>\n<p>Die Reparatur eines Fahrzeugs ist nicht nur eine Frage der Technik oder der Ersatzteile, sondern<strong> auch eine Gelegenheit, eine Entscheidung f\u00fcr eine bessere Zukunft zu treffen<\/strong>.<\/p>\n<p>Durch das stolze Tragen des Labels <strong>&#8222;Nachhaltig Reparieren&#8220;<\/strong> nehmen wir unsere Rolle und unsere Verantwortung gegen\u00fcber der Gesellschaft und der Umwelt wahr und bieten gleichzeitig einen tadellosen Service.<\/p>\n\t\t\t\t\t\t\t\t<\/div>\n\t\t\t\t<\/div>\n\t\t\t\t\t<\/div>\n\t\t<\/div>\n\t\t\t\t<div class=\"elementor-column elementor-col-50 elementor-inner-column elementor-element elementor-element-07d2d54\" data-id=\"07d2d54\" data-element_type=\"column\" data-e-type=\"column\">\n\t\t\t<div class=\"elementor-widget-wrap elementor-element-populated\">\n\t\t\t\t\t\t<div class=\"elementor-element elementor-element-3e37677 elementor-widget__width-initial elementor-widget elementor-widget-image\" data-id=\"3e37677\" data-element_type=\"widget\" data-e-type=\"widget\" data-widget_type=\"image.default\">\n\t\t\t\t<div class=\"elementor-widget-container\">\n\t\t\t\t\t\t\t\t\t\t\t\t\t\t\t<img fetchpriority=\"high\" decoding=\"async\" width=\"1000\" height=\"423\" src=\"https:\/\/centracar.be\/wp-content\/uploads\/2024\/12\/logo-reparer-durablement.png\" class=\"attachment-1536x1536 size-1536x1536 wp-image-2081\" alt=\"\" srcset=\"https:\/\/centracar.be\/wp-content\/uploads\/2024\/12\/logo-reparer-durablement.png 1000w, https:\/\/centracar.be\/wp-content\/uploads\/2024\/12\/logo-reparer-durablement-300x127.png 300w, https:\/\/centracar.be\/wp-content\/uploads\/2024\/12\/logo-reparer-durablement-768x325.png 768w\" sizes=\"(max-width: 1000px) 100vw, 1000px\" \/>\t\t\t\t\t\t\t\t\t\t\t\t\t\t\t<\/div>\n\t\t\t\t<\/div>\n\t\t\t\t\t<\/div>\n\t\t<\/div>\n\t\t\t\t\t<\/div>\n\t\t<\/section>\n\t\t\t\t<div class=\"elementor-element elementor-element-9fd2ad4 elementor-widget elementor-widget-text-editor\" data-id=\"9fd2ad4\" data-element_type=\"widget\" data-e-type=\"widget\" data-widget_type=\"text-editor.default\">\n\t\t\t\t<div class=\"elementor-widget-container\">\n\t\t\t\t\t\t\t\t\t<p><strong>Unsere nachhaltigen Verpflichtungen im Alltag<\/strong><\/p>\n\t\t\t\t\t\t\t\t<\/div>\n\t\t\t\t<\/div>\n\t\t\t\t<div class=\"elementor-element elementor-element-e970442 elementor-widget elementor-widget-text-editor\" data-id=\"e970442\" data-element_type=\"widget\" data-e-type=\"widget\" data-widget_type=\"text-editor.default\">\n\t\t\t\t<div class=\"elementor-widget-container\">\n\t\t\t\t\t\t\t\t\t<p>Bei CentraCar konzentrieren wir uns auf mehrere Bereiche, um sicherzustellen, dass unsere Praktiken nachhaltig sind:<\/p>\n<ul>\n<li><strong>Reduzierung unseres Energieverbrauchs<\/strong> durch moderne und optimierte Infrastruktur.<\/li>\n<li><strong>Verwendung von umweltfreundlichen Produkten<\/strong>, die sch\u00e4dliche Substanzen einschr\u00e4nken.<\/li>\n<li><strong>Unterst\u00fctzung unserer Mitarbeiter<\/strong> mit fairen Arbeitsbedingungen und einer gesunden Umwelt.<\/li>\n<\/ul>\n<p>Jedes Jahr durchlaufen wir strenge administrative Audits, um unsere <strong>Zertifizierung<\/strong> &#8220; <strong>Nachhaltig reparieren<\/strong> &#8220; zu erhalten.<\/p>\n\t\t\t\t\t\t\t\t<\/div>\n\t\t\t\t<\/div>\n\t\t\t\t<div class=\"elementor-element elementor-element-fa5b17a elementor-widget elementor-widget-text-editor\" data-id=\"fa5b17a\" data-element_type=\"widget\" data-e-type=\"widget\" data-widget_type=\"text-editor.default\">\n\t\t\t\t<div class=\"elementor-widget-container\">\n\t\t\t\t\t\t\t\t\t<p><strong>  Ihre Rolle bei der Ver\u00e4nderung<\/strong><\/p>\n\t\t\t\t\t\t\t\t<\/div>\n\t\t\t\t<\/div>\n\t\t\t\t<div class=\"elementor-element elementor-element-4f7144e elementor-widget elementor-widget-text-editor\" data-id=\"4f7144e\" data-element_type=\"widget\" data-e-type=\"widget\" data-widget_type=\"text-editor.default\">\n\t\t\t\t<div class=\"elementor-widget-container\">\n\t\t\t\t\t\t\t\t\t<p>Wenn Sie sich f\u00fcr CentraCar entscheiden, tun Sie viel mehr als nur Ihr Fahrzeug zu reparieren oder zu warten. Sie werden zu einem Akteur des Wandels, indem Sie Unternehmen unterst\u00fctzen, die eine erweiterte Vision von Rentabilit\u00e4t teilen: eine Vision, in der die Umwelt, soziale Gerechtigkeit und Gesch\u00e4ftsethik im Mittelpunkt jeder Entscheidung stehen. <\/p>\n<p>Wir laden Sie ein, die positiven Auswirkungen Ihrer Wahl zu entdecken und sich mit uns in diesem nachhaltigen und verantwortungsbewussten Prozess zu engagieren. Gemeinsam k\u00f6nnen wir eine gerechtere und respektvollere Zukunft gestalten. <\/p>\n\t\t\t\t\t\t\t\t<\/div>\n\t\t\t\t<\/div>\n\t\t\t\t<div class=\"elementor-element elementor-element-65c7bc1 elementor-widget elementor-widget-video\" data-id=\"65c7bc1\" data-element_type=\"widget\" data-e-type=\"widget\" data-settings=\"{&quot;video_type&quot;:&quot;vimeo&quot;}\" data-widget_type=\"video.default\">\n\t\t\t\t<div class=\"elementor-widget-container\">\n\t\t\t\t\t\t\t<div class=\"elementor-wrapper elementor-open-inline\">\n\t\t\t<iframe class=\"elementor-video-iframe\" allowfullscreen allow=\"clipboard-write\" title=\"vimeo Video Player\" src=\"https:\/\/player.vimeo.com\/video\/162343849?color&amp;autopause=0&amp;loop=0&amp;muted=0&amp;title=1&amp;portrait=1&amp;byline=1#t=\"><\/iframe>\t\t<\/div>\n\t\t\t\t\t\t<\/div>\n\t\t\t\t<\/div>\n\t\t\t\t\t<\/div>\n\t\t<\/div>\n\t\t\t\t\t<\/div>\n\t\t<\/section>\n\t\t\t\t<section class=\"elementor-section elementor-top-section elementor-element elementor-element-b3be7f5 elementor-section-boxed elementor-section-height-default elementor-section-height-default\" data-id=\"b3be7f5\" data-element_type=\"section\" data-e-type=\"section\" data-settings=\"{&quot;background_background&quot;:&quot;classic&quot;,&quot;_ha_eqh_enable&quot;:false}\">\n\t\t\t\t\t\t<div class=\"elementor-container elementor-column-gap-default\">\n\t\t\t\t\t<div class=\"elementor-column elementor-col-100 elementor-top-column elementor-element elementor-element-be565a8\" data-id=\"be565a8\" data-element_type=\"column\" data-e-type=\"column\">\n\t\t\t<div class=\"elementor-widget-wrap elementor-element-populated\">\n\t\t\t\t\t\t<div class=\"elementor-element elementor-element-8170bb9 elementor-widget elementor-widget-heading\" data-id=\"8170bb9\" data-element_type=\"widget\" data-e-type=\"widget\" data-widget_type=\"heading.default\">\n\t\t\t\t<div class=\"elementor-widget-container\">\n\t\t\t\t\t<h3 class=\"elementor-heading-title elementor-size-default\">Fahren Sie schon heute verantwortungsvoller.\n<\/h3>\t\t\t\t<\/div>\n\t\t\t\t<\/div>\n\t\t\t\t<div class=\"elementor-element elementor-element-339b0cf elementor-widget elementor-widget-text-editor\" data-id=\"339b0cf\" data-element_type=\"widget\" data-e-type=\"widget\" data-widget_type=\"text-editor.default\">\n\t\t\t\t<div class=\"elementor-widget-container\">\n\t\t\t\t\t\t\t\t\t<p>Vertrauen Sie CentraCar und dem Label &#8222;Nachhaltig Reparieren&#8220; f\u00fcr einen Qualit\u00e4tsservice, der Ihre Werte und die Umwelt respektiert&#8230;<\/p>\n\t\t\t\t\t\t\t\t<\/div>\n\t\t\t\t<\/div>\n\t\t\t\t\t<\/div>\n\t\t<\/div>\n\t\t\t\t\t<\/div>\n\t\t<\/section>\n\t\t\t\t<\/div>\n\t\t","protected":false},"excerpt":{"rendered":"<p>nachhaltige Reparatur Nachhaltiges Reparieren mit CentraCar : Qualit\u00e4t und Verantwortung verbinden Wir bei CentraCar sind der festen \u00dcberzeugung, dass Nachhaltigkeit und soziale Verantwortung weit \u00fcber rein wirtschaftliche Ziele hinausgehen. Die Reparatur eines Fahrzeugs ist nicht nur eine Frage der Technik oder der Ersatzteile, sondern auch eine Gelegenheit, eine Entscheidung f\u00fcr eine bessere Zukunft zu treffen. [&hellip;]<\/p>\n","protected":false},"author":3,"featured_media":2081,"parent":1744,"menu_order":0,"comment_status":"closed","ping_status":"closed","template":"elementor_header_footer","meta":{"inline_featured_image":false,"footnotes":""},"class_list":["post-2291","page","type-page","status-publish","has-post-thumbnail","hentry"],"yoast_head":"<!-- This site is optimized with the Yoast SEO plugin v27.5 - https:\/\/yoast.com\/product\/yoast-seo-wordpress\/ -->\n<title>Nachhaltig reparieren - CentraCar : Umweltfreundliche Reparaturen<\/title>\n<meta name=\"description\" content=\"Bei CentraCar reparieren wir Ihr Fahrzeug auf umweltfreundliche Weise. Entscheiden Sie sich f\u00fcr unser G\u00fctesiegel &quot;Nachhaltig Reparieren&quot; f\u00fcr verantwortungsbewusstes Fahren.\" \/>\n<meta name=\"robots\" content=\"index, follow, max-snippet:-1, max-image-preview:large, max-video-preview:-1\" \/>\n<link rel=\"canonical\" href=\"https:\/\/centracar.be\/de\/services\/dauerhafte-reparatur\/\" \/>\n<meta property=\"og:locale\" content=\"de_DE\" \/>\n<meta property=\"og:type\" content=\"article\" \/>\n<meta property=\"og:title\" content=\"Nachhaltig reparieren - CentraCar : Umweltfreundliche Reparaturen\" \/>\n<meta property=\"og:description\" content=\"Bei CentraCar reparieren wir Ihr Fahrzeug auf umweltfreundliche Weise. Entscheiden Sie sich f\u00fcr unser G\u00fctesiegel &quot;Nachhaltig Reparieren&quot; f\u00fcr verantwortungsbewusstes Fahren.\" \/>\n<meta property=\"og:url\" content=\"https:\/\/centracar.be\/de\/services\/dauerhafte-reparatur\/\" \/>\n<meta property=\"og:site_name\" content=\"Centracar\" \/>\n<meta property=\"article:modified_time\" content=\"2025-10-29T10:13:06+00:00\" \/>\n<meta property=\"og:image\" content=\"https:\/\/centracar.be\/wp-content\/uploads\/2021\/01\/Profile-1240-x-948-e1609843023485.png\" \/>\n<meta name=\"twitter:card\" content=\"summary_large_image\" \/>\n<meta name=\"twitter:image\" content=\"https:\/\/centracar.be\/wp-content\/uploads\/2021\/01\/Profile-1240-x-948-e1609843023485.png\" \/>\n<meta name=\"twitter:label1\" content=\"Gesch\u00e4tzte Lesezeit\" \/>\n\t<meta name=\"twitter:data1\" content=\"2\u00a0Minuten\" \/>\n<script type=\"application\/ld+json\" class=\"yoast-schema-graph\">{\"@context\":\"https:\\\/\\\/schema.org\",\"@graph\":[{\"@type\":\"WebPage\",\"@id\":\"https:\\\/\\\/centracar.be\\\/de\\\/services\\\/dauerhafte-reparatur\\\/\",\"url\":\"https:\\\/\\\/centracar.be\\\/de\\\/services\\\/dauerhafte-reparatur\\\/\",\"name\":\"Nachhaltig reparieren - CentraCar : Umweltfreundliche Reparaturen\",\"isPartOf\":{\"@id\":\"https:\\\/\\\/centracar.be\\\/de\\\/#website\"},\"primaryImageOfPage\":{\"@id\":\"https:\\\/\\\/centracar.be\\\/de\\\/services\\\/dauerhafte-reparatur\\\/#primaryimage\"},\"image\":{\"@id\":\"https:\\\/\\\/centracar.be\\\/de\\\/services\\\/dauerhafte-reparatur\\\/#primaryimage\"},\"thumbnailUrl\":\"https:\\\/\\\/centracar.be\\\/wp-content\\\/uploads\\\/2024\\\/12\\\/logo-reparer-durablement.png\",\"datePublished\":\"2024-12-15T16:48:57+00:00\",\"dateModified\":\"2025-10-29T10:13:06+00:00\",\"description\":\"Bei CentraCar reparieren wir Ihr Fahrzeug auf umweltfreundliche Weise. Entscheiden Sie sich f\u00fcr unser G\u00fctesiegel \\\"Nachhaltig Reparieren\\\" f\u00fcr verantwortungsbewusstes Fahren.\",\"breadcrumb\":{\"@id\":\"https:\\\/\\\/centracar.be\\\/de\\\/services\\\/dauerhafte-reparatur\\\/#breadcrumb\"},\"inLanguage\":\"de\",\"potentialAction\":[{\"@type\":\"ReadAction\",\"target\":[\"https:\\\/\\\/centracar.be\\\/de\\\/services\\\/dauerhafte-reparatur\\\/\"]}]},{\"@type\":\"ImageObject\",\"inLanguage\":\"de\",\"@id\":\"https:\\\/\\\/centracar.be\\\/de\\\/services\\\/dauerhafte-reparatur\\\/#primaryimage\",\"url\":\"https:\\\/\\\/centracar.be\\\/wp-content\\\/uploads\\\/2024\\\/12\\\/logo-reparer-durablement.png\",\"contentUrl\":\"https:\\\/\\\/centracar.be\\\/wp-content\\\/uploads\\\/2024\\\/12\\\/logo-reparer-durablement.png\",\"width\":1000,\"height\":423},{\"@type\":\"BreadcrumbList\",\"@id\":\"https:\\\/\\\/centracar.be\\\/de\\\/services\\\/dauerhafte-reparatur\\\/#breadcrumb\",\"itemListElement\":[{\"@type\":\"ListItem\",\"position\":1,\"name\":\"Accueil\",\"item\":\"https:\\\/\\\/centracar.be\\\/de\\\/\"},{\"@type\":\"ListItem\",\"position\":2,\"name\":\"Service\",\"item\":\"https:\\\/\\\/centracar.be\\\/de\\\/services\\\/\"},{\"@type\":\"ListItem\",\"position\":3,\"name\":\"Dauerhafte Reparatur\"}]},{\"@type\":\"WebSite\",\"@id\":\"https:\\\/\\\/centracar.be\\\/de\\\/#website\",\"url\":\"https:\\\/\\\/centracar.be\\\/de\\\/\",\"name\":\"Centracar\",\"description\":\"Achat - Vente - R\u00e9paration automobile\",\"publisher\":{\"@id\":\"https:\\\/\\\/centracar.be\\\/de\\\/#organization\"},\"potentialAction\":[{\"@type\":\"SearchAction\",\"target\":{\"@type\":\"EntryPoint\",\"urlTemplate\":\"https:\\\/\\\/centracar.be\\\/de\\\/?s={search_term_string}\"},\"query-input\":{\"@type\":\"PropertyValueSpecification\",\"valueRequired\":true,\"valueName\":\"search_term_string\"}}],\"inLanguage\":\"de\"},{\"@type\":\"Organization\",\"@id\":\"https:\\\/\\\/centracar.be\\\/de\\\/#organization\",\"name\":\"Centracar\",\"url\":\"https:\\\/\\\/centracar.be\\\/de\\\/\",\"logo\":{\"@type\":\"ImageObject\",\"inLanguage\":\"de\",\"@id\":\"https:\\\/\\\/centracar.be\\\/de\\\/#\\\/schema\\\/logo\\\/image\\\/\",\"url\":\"https:\\\/\\\/centracar.be\\\/wp-content\\\/uploads\\\/2020\\\/06\\\/Centracar_Logo-Pos.png\",\"contentUrl\":\"https:\\\/\\\/centracar.be\\\/wp-content\\\/uploads\\\/2020\\\/06\\\/Centracar_Logo-Pos.png\",\"width\":795,\"height\":240,\"caption\":\"Centracar\"},\"image\":{\"@id\":\"https:\\\/\\\/centracar.be\\\/de\\\/#\\\/schema\\\/logo\\\/image\\\/\"}}]}<\/script>\n<!-- \/ Yoast SEO plugin. -->","yoast_head_json":{"title":"Nachhaltig reparieren - CentraCar : Umweltfreundliche Reparaturen","description":"Bei CentraCar reparieren wir Ihr Fahrzeug auf umweltfreundliche Weise. Entscheiden Sie sich f\u00fcr unser G\u00fctesiegel \"Nachhaltig Reparieren\" f\u00fcr verantwortungsbewusstes Fahren.","robots":{"index":"index","follow":"follow","max-snippet":"max-snippet:-1","max-image-preview":"max-image-preview:large","max-video-preview":"max-video-preview:-1"},"canonical":"https:\/\/centracar.be\/de\/services\/dauerhafte-reparatur\/","og_locale":"de_DE","og_type":"article","og_title":"Nachhaltig reparieren - CentraCar : Umweltfreundliche Reparaturen","og_description":"Bei CentraCar reparieren wir Ihr Fahrzeug auf umweltfreundliche Weise. Entscheiden Sie sich f\u00fcr unser G\u00fctesiegel \"Nachhaltig Reparieren\" f\u00fcr verantwortungsbewusstes Fahren.","og_url":"https:\/\/centracar.be\/de\/services\/dauerhafte-reparatur\/","og_site_name":"Centracar","article_modified_time":"2025-10-29T10:13:06+00:00","og_image":[{"url":"https:\/\/centracar.be\/wp-content\/uploads\/2021\/01\/Profile-1240-x-948-e1609843023485.png","type":"","width":"","height":""}],"twitter_card":"summary_large_image","twitter_image":"https:\/\/centracar.be\/wp-content\/uploads\/2021\/01\/Profile-1240-x-948-e1609843023485.png","twitter_misc":{"Gesch\u00e4tzte Lesezeit":"2\u00a0Minuten"},"schema":{"@context":"https:\/\/schema.org","@graph":[{"@type":"WebPage","@id":"https:\/\/centracar.be\/de\/services\/dauerhafte-reparatur\/","url":"https:\/\/centracar.be\/de\/services\/dauerhafte-reparatur\/","name":"Nachhaltig reparieren - CentraCar : Umweltfreundliche Reparaturen","isPartOf":{"@id":"https:\/\/centracar.be\/de\/#website"},"primaryImageOfPage":{"@id":"https:\/\/centracar.be\/de\/services\/dauerhafte-reparatur\/#primaryimage"},"image":{"@id":"https:\/\/centracar.be\/de\/services\/dauerhafte-reparatur\/#primaryimage"},"thumbnailUrl":"https:\/\/centracar.be\/wp-content\/uploads\/2024\/12\/logo-reparer-durablement.png","datePublished":"2024-12-15T16:48:57+00:00","dateModified":"2025-10-29T10:13:06+00:00","description":"Bei CentraCar reparieren wir Ihr Fahrzeug auf umweltfreundliche Weise. Entscheiden Sie sich f\u00fcr unser G\u00fctesiegel \"Nachhaltig Reparieren\" f\u00fcr verantwortungsbewusstes Fahren.","breadcrumb":{"@id":"https:\/\/centracar.be\/de\/services\/dauerhafte-reparatur\/#breadcrumb"},"inLanguage":"de","potentialAction":[{"@type":"ReadAction","target":["https:\/\/centracar.be\/de\/services\/dauerhafte-reparatur\/"]}]},{"@type":"ImageObject","inLanguage":"de","@id":"https:\/\/centracar.be\/de\/services\/dauerhafte-reparatur\/#primaryimage","url":"https:\/\/centracar.be\/wp-content\/uploads\/2024\/12\/logo-reparer-durablement.png","contentUrl":"https:\/\/centracar.be\/wp-content\/uploads\/2024\/12\/logo-reparer-durablement.png","width":1000,"height":423},{"@type":"BreadcrumbList","@id":"https:\/\/centracar.be\/de\/services\/dauerhafte-reparatur\/#breadcrumb","itemListElement":[{"@type":"ListItem","position":1,"name":"Accueil","item":"https:\/\/centracar.be\/de\/"},{"@type":"ListItem","position":2,"name":"Service","item":"https:\/\/centracar.be\/de\/services\/"},{"@type":"ListItem","position":3,"name":"Dauerhafte Reparatur"}]},{"@type":"WebSite","@id":"https:\/\/centracar.be\/de\/#website","url":"https:\/\/centracar.be\/de\/","name":"Centracar","description":"Achat - Vente - R\u00e9paration automobile","publisher":{"@id":"https:\/\/centracar.be\/de\/#organization"},"potentialAction":[{"@type":"SearchAction","target":{"@type":"EntryPoint","urlTemplate":"https:\/\/centracar.be\/de\/?s={search_term_string}"},"query-input":{"@type":"PropertyValueSpecification","valueRequired":true,"valueName":"search_term_string"}}],"inLanguage":"de"},{"@type":"Organization","@id":"https:\/\/centracar.be\/de\/#organization","name":"Centracar","url":"https:\/\/centracar.be\/de\/","logo":{"@type":"ImageObject","inLanguage":"de","@id":"https:\/\/centracar.be\/de\/#\/schema\/logo\/image\/","url":"https:\/\/centracar.be\/wp-content\/uploads\/2020\/06\/Centracar_Logo-Pos.png","contentUrl":"https:\/\/centracar.be\/wp-content\/uploads\/2020\/06\/Centracar_Logo-Pos.png","width":795,"height":240,"caption":"Centracar"},"image":{"@id":"https:\/\/centracar.be\/de\/#\/schema\/logo\/image\/"}}]}},"_links":{"self":[{"href":"https:\/\/centracar.be\/de\/wp-json\/wp\/v2\/pages\/2291","targetHints":{"allow":["GET"]}}],"collection":[{"href":"https:\/\/centracar.be\/de\/wp-json\/wp\/v2\/pages"}],"about":[{"href":"https:\/\/centracar.be\/de\/wp-json\/wp\/v2\/types\/page"}],"author":[{"embeddable":true,"href":"https:\/\/centracar.be\/de\/wp-json\/wp\/v2\/users\/3"}],"replies":[{"embeddable":true,"href":"https:\/\/centracar.be\/de\/wp-json\/wp\/v2\/comments?post=2291"}],"version-history":[{"count":4,"href":"https:\/\/centracar.be\/de\/wp-json\/wp\/v2\/pages\/2291\/revisions"}],"predecessor-version":[{"id":2715,"href":"https:\/\/centracar.be\/de\/wp-json\/wp\/v2\/pages\/2291\/revisions\/2715"}],"up":[{"embeddable":true,"href":"https:\/\/centracar.be\/de\/wp-json\/wp\/v2\/pages\/1744"}],"wp:featuredmedia":[{"embeddable":true,"href":"https:\/\/centracar.be\/de\/wp-json\/wp\/v2\/media\/2081"}],"wp:attachment":[{"href":"https:\/\/centracar.be\/de\/wp-json\/wp\/v2\/media?parent=2291"}],"curies":[{"name":"wp","href":"https:\/\/api.w.org\/{rel}","templated":true}]}}